{"id":4817,"date":"2020-10-21T08:08:25","date_gmt":"2020-10-21T08:08:25","guid":{"rendered":"https:\/\/web.tst.legalintelligence.com\/nl\/?page_id=4817"},"modified":"2023-02-24T16:32:08","modified_gmt":"2023-02-24T16:32:08","slug":"lp-li-catalog","status":"publish","type":"page","link":"https:\/\/www.legalintelligence.com\/nl\/lp-li-catalog\/","title":{"rendered":"LI Catalog"},"content":{"rendered":"<h2>LI Catalog &#8211; digitale en fysieke kantoorbibliotheek<\/h2>\n<p>Digitale en fysieke kantoorbibliotheek. Zet een volgende stap in digitalisering van jouw kantoorbibliotheek. Met de LI Catalog beheer en onderhoud je alle fysieke en digitale boeken en tijdschriften uit de kantoorbibliotheek direct binnen Legal Intelligence. Eenvoudig boeken lenen en inleveren, op \u00e9\u00e9n platform. Wel zo makkelijk.<\/p>\n<p><img decoding=\"async\" loading=\"lazy\" class=\"alignnone wp-image-6617\" title=\"LI Catalog\" src=\"https:\/\/www.legalintelligence.com\/nl\/wp-content\/uploads\/2023\/02\/LI_tablet-1-12.png\" alt=\"LI Catalog\" width=\"300\" height=\"214\" \/><\/p>\n<h2>Vertrouwde bibliotheeksoftware<\/h2>\n<div class=\"text--big mb-0\">\n<p>De LI Catalog faciliteert een vertrouwd bibliotheeksysteem. Dat betekent doorzoekbare metadata. Weergave van de locatie van papieren boeken en documenten. Een uitleen- en inlevermodule.<\/p>\n<h2>Digitale en fysieke bronnen op \u00e9\u00e9n platform<\/h2>\n<div class=\"text--big mb-0\">\n<p>De beschikbaarheid van digitale en papieren bronnen is direct zichtbaar in Legal Intelligence. Je hoeft dus niet langer te schakelen tussen Legal Intelligence en andere bibliotheeksoftware.<\/p>\n<h2>Eenvoudig boeken toevoegen<\/h2>\n<div class=\"text--big mb-0\">\n<p>Op basis van beschikbare metadata in Legal Intelligence worden gegevens automatisch aangevuld. Zo voeg je snel en eenvoudig nieuwe boeken toe.<\/p>\n<h2>Gemakkelijk overstappen<\/h2>\n<div class=\"text--big mb-0\">\n<p>Wij helpen je met het overzetten of uploaden van de digitale en fysieke kantoorbibliotheek en alle bijbehorende metadata. Zo stap je zorgeloos over.<\/p>\n<h2>Volledige LI ervaring<\/h2>\n<div class=\"text--big mb-0\">\n<p>De LI Catalog is onderdeel van Legal Intelligence en sluit naadloos aan op Legal Intelligence, de\u00a0<a href=\"https:\/\/www.legalintelligence.com\/nl\/lp-li-library\/\" target=\"_blank\" rel=\"noopener\">LI LIbrary<\/a>\u00a0en de Library Converter Service. Alle bronnen zijn beschikbaar op \u00e9\u00e9n platform, in \u00e9\u00e9n abonnement en op \u00e9\u00e9n factuur. Dat is wel zo overzichtelijk.<\/p>\n<h2 class=\"h1 color--black\">Interesse?<\/h2>\n<p class=\"h1 color--black\">Vraag een <a href=\"https:\/\/www.legalintelligence.com\/nl\/proef-abonnement\/\" target=\"_blank\" rel=\"noopener\">proefabonnement<\/a> aan. Legal Intelligence of Public Intelligence proberen is vrijblijvend en volledig kosteloos. Na twee weken loopt de proefperiode vanzelf af. Je zit nergens aan vast.<\/p>\n<\/div>\n<h2>Vragen of hulp nodig?<\/h2>\n<div class=\"text--big mb-0\">\n<p>Onze specialisten staan elke werkdag tussen 08.00 en 17.30 uur voor je klaar. Hoe kunnen we je helpen? Neem telefonisch contact met ons op of mail naar info@legalintelligence.com.<br \/>\nBekijk de <a href=\"https:\/\/www.youtube.com\/watch?v=ZXpD0FEJTak\" target=\"_blank\" rel=\"noopener\">introdcutievideo<\/a> van Legal Intelligence.<\/p>\n<\/div>\n<\/div>\n<\/div>\n<\/div>\n<\/div>\n","protected":false},"excerpt":{"rendered":"<p>LI Catalog &#8211; digitale en fysieke kantoorbibliotheek Digitale en fysieke kantoorbibliotheek. Zet een&#8230;<\/p>\n","protected":false},"author":3,"featured_media":0,"parent":0,"menu_order":0,"comment_status":"closed","ping_status":"closed","template":"","meta":[],"acf":[],"yoast_head":"<!-- This site is optimized with the Yoast SEO plugin v17.7.1 - https:\/\/yoast.com\/wordpress\/plugins\/seo\/ -->\n<title>Digitale en fysieke kantoorbibliotheek beheer je met LI Catalog<\/title>\n<meta name=\"description\" content=\"Beheer alle fysieke en digitale documenten uit jouw kantoorbibliotheek op \u00e9\u00e9n platform met de LI Catalog. Stap zorgeloos over.\" \/>\n<meta name=\"robots\" content=\"index, follow, max-snippet:-1, max-image-preview:large, max-video-preview:-1\" \/>\n<link rel=\"canonical\" href=\"https:\/\/www.legalintelligence.com\/nl\/lp-li-catalog\/\" \/>\n<meta property=\"og:locale\" content=\"nl_NL\" \/>\n<meta property=\"og:type\" content=\"article\" \/>\n<meta property=\"og:title\" content=\"Digitale en fysieke kantoorbibliotheek beheer je met LI Catalog\" \/>\n<meta property=\"og:description\" content=\"Beheer alle fysieke en digitale documenten uit jouw kantoorbibliotheek op \u00e9\u00e9n platform met de LI Catalog. Stap zorgeloos over.\" \/>\n<meta property=\"og:url\" content=\"https:\/\/www.legalintelligence.com\/nl\/lp-li-catalog\/\" \/>\n<meta property=\"og:site_name\" content=\"Legal Intelligence\" \/>\n<meta property=\"article:publisher\" content=\"https:\/\/www.facebook.com\/legalintelligence\" \/>\n<meta property=\"article:modified_time\" content=\"2023-02-24T16:32:08+00:00\" \/>\n<meta property=\"og:image\" content=\"https:\/\/www.legalintelligence.com\/nl\/wp-content\/uploads\/2023\/02\/LI_tablet-1-12.png\" \/>\n\t<meta property=\"og:image:width\" content=\"723\" \/>\n\t<meta property=\"og:image:height\" content=\"515\" \/>\n<meta name=\"twitter:card\" content=\"summary_large_image\" \/>\n<meta name=\"twitter:site\" content=\"@legalint\" \/>\n<meta name=\"twitter:label1\" content=\"Est. reading time\" \/>\n\t<meta name=\"twitter:data1\" content=\"1 minuut\" \/>\n<script type=\"application\/ld+json\" class=\"yoast-schema-graph\">{\"@context\":\"https:\/\/schema.org\",\"@graph\":[{\"@type\":\"Organization\",\"@id\":\"https:\/\/www.legalintelligence.com\/nl\/#organization\",\"name\":\"Legal Intelligence\",\"url\":\"https:\/\/www.legalintelligence.com\/nl\/\",\"sameAs\":[\"https:\/\/www.facebook.com\/legalintelligence\",\"https:\/\/www.linkedin.com\/company\/legal-intelligence\/\",\"https:\/\/twitter.com\/legalint\"],\"logo\":{\"@type\":\"ImageObject\",\"@id\":\"https:\/\/www.legalintelligence.com\/nl\/#logo\",\"inLanguage\":\"nl\",\"url\":\"https:\/\/web.tst.legalintelligence.com\/nl\/wp-content\/uploads\/2023\/03\/lg_legalintelligence.png\",\"contentUrl\":\"https:\/\/web.tst.legalintelligence.com\/nl\/wp-content\/uploads\/2023\/03\/lg_legalintelligence.png\",\"width\":512,\"height\":512,\"caption\":\"Legal Intelligence\"},\"image\":{\"@id\":\"https:\/\/www.legalintelligence.com\/nl\/#logo\"}},{\"@type\":\"WebSite\",\"@id\":\"https:\/\/www.legalintelligence.com\/nl\/#website\",\"url\":\"https:\/\/www.legalintelligence.com\/nl\/\",\"name\":\"Legal Intelligence\",\"description\":\"Legal Intelligence - Slimme zoekoplossing voor advocaten en juristen\",\"publisher\":{\"@id\":\"https:\/\/www.legalintelligence.com\/nl\/#organization\"},\"potentialAction\":[{\"@type\":\"SearchAction\",\"target\":{\"@type\":\"EntryPoint\",\"urlTemplate\":\"https:\/\/www.legalintelligence.com\/nl\/?s={search_term_string}\"},\"query-input\":\"required name=search_term_string\"}],\"inLanguage\":\"nl\"},{\"@type\":\"ImageObject\",\"@id\":\"https:\/\/www.legalintelligence.com\/nl\/lp-li-catalog\/#primaryimage\",\"inLanguage\":\"nl\",\"url\":\"https:\/\/www.legalintelligence.com\/nl\/wp-content\/uploads\/2023\/02\/LI_tablet-1-12.png\",\"contentUrl\":\"https:\/\/www.legalintelligence.com\/nl\/wp-content\/uploads\/2023\/02\/LI_tablet-1-12.png\",\"width\":723,\"height\":515,\"caption\":\"LI Catalog\"},{\"@type\":\"WebPage\",\"@id\":\"https:\/\/www.legalintelligence.com\/nl\/lp-li-catalog\/#webpage\",\"url\":\"https:\/\/www.legalintelligence.com\/nl\/lp-li-catalog\/\",\"name\":\"Digitale en fysieke kantoorbibliotheek beheer je met LI Catalog\",\"isPartOf\":{\"@id\":\"https:\/\/www.legalintelligence.com\/nl\/#website\"},\"primaryImageOfPage\":{\"@id\":\"https:\/\/www.legalintelligence.com\/nl\/lp-li-catalog\/#primaryimage\"},\"datePublished\":\"2020-10-21T08:08:25+00:00\",\"dateModified\":\"2023-02-24T16:32:08+00:00\",\"description\":\"Beheer alle fysieke en digitale documenten uit jouw kantoorbibliotheek op \\u00e9\\u00e9n platform met de LI Catalog. Stap zorgeloos over.\",\"breadcrumb\":{\"@id\":\"https:\/\/www.legalintelligence.com\/nl\/lp-li-catalog\/#breadcrumb\"},\"inLanguage\":\"nl\",\"potentialAction\":[{\"@type\":\"ReadAction\",\"target\":[\"https:\/\/www.legalintelligence.com\/nl\/lp-li-catalog\/\"]}]},{\"@type\":\"BreadcrumbList\",\"@id\":\"https:\/\/www.legalintelligence.com\/nl\/lp-li-catalog\/#breadcrumb\",\"itemListElement\":[{\"@type\":\"ListItem\",\"position\":1,\"name\":\"Home\",\"item\":\"https:\/\/www.legalintelligence.com\/nl\/\"},{\"@type\":\"ListItem\",\"position\":2,\"name\":\"LI Catalog\"}]}]}<\/script>\n<!-- \/ Yoast SEO plugin. -->","yoast_head_json":{"title":"Digitale en fysieke kantoorbibliotheek beheer je met LI Catalog","description":"Beheer alle fysieke en digitale documenten uit jouw kantoorbibliotheek op \u00e9\u00e9n platform met de LI Catalog. Stap zorgeloos over.","robots":{"index":"index","follow":"follow","max-snippet":"max-snippet:-1","max-image-preview":"max-image-preview:large","max-video-preview":"max-video-preview:-1"},"canonical":"https:\/\/www.legalintelligence.com\/nl\/lp-li-catalog\/","og_locale":"nl_NL","og_type":"article","og_title":"Digitale en fysieke kantoorbibliotheek beheer je met LI Catalog","og_description":"Beheer alle fysieke en digitale documenten uit jouw kantoorbibliotheek op \u00e9\u00e9n platform met de LI Catalog. Stap zorgeloos over.","og_url":"https:\/\/www.legalintelligence.com\/nl\/lp-li-catalog\/","og_site_name":"Legal Intelligence","article_publisher":"https:\/\/www.facebook.com\/legalintelligence","article_modified_time":"2023-02-24T16:32:08+00:00","og_image":[{"width":723,"height":515,"url":"https:\/\/www.legalintelligence.com\/nl\/wp-content\/uploads\/2023\/02\/LI_tablet-1-12.png","type":"image\/png"}],"twitter_card":"summary_large_image","twitter_site":"@legalint","twitter_misc":{"Est. reading time":"1 minuut"},"schema":{"@context":"https:\/\/schema.org","@graph":[{"@type":"Organization","@id":"https:\/\/www.legalintelligence.com\/nl\/#organization","name":"Legal Intelligence","url":"https:\/\/www.legalintelligence.com\/nl\/","sameAs":["https:\/\/www.facebook.com\/legalintelligence","https:\/\/www.linkedin.com\/company\/legal-intelligence\/","https:\/\/twitter.com\/legalint"],"logo":{"@type":"ImageObject","@id":"https:\/\/www.legalintelligence.com\/nl\/#logo","inLanguage":"nl","url":"https:\/\/web.tst.legalintelligence.com\/nl\/wp-content\/uploads\/2023\/03\/lg_legalintelligence.png","contentUrl":"https:\/\/web.tst.legalintelligence.com\/nl\/wp-content\/uploads\/2023\/03\/lg_legalintelligence.png","width":512,"height":512,"caption":"Legal Intelligence"},"image":{"@id":"https:\/\/www.legalintelligence.com\/nl\/#logo"}},{"@type":"WebSite","@id":"https:\/\/www.legalintelligence.com\/nl\/#website","url":"https:\/\/www.legalintelligence.com\/nl\/","name":"Legal Intelligence","description":"Legal Intelligence - Slimme zoekoplossing voor advocaten en juristen","publisher":{"@id":"https:\/\/www.legalintelligence.com\/nl\/#organization"},"potentialAction":[{"@type":"SearchAction","target":{"@type":"EntryPoint","urlTemplate":"https:\/\/www.legalintelligence.com\/nl\/?s={search_term_string}"},"query-input":"required name=search_term_string"}],"inLanguage":"nl"},{"@type":"ImageObject","@id":"https:\/\/www.legalintelligence.com\/nl\/lp-li-catalog\/#primaryimage","inLanguage":"nl","url":"https:\/\/www.legalintelligence.com\/nl\/wp-content\/uploads\/2023\/02\/LI_tablet-1-12.png","contentUrl":"https:\/\/www.legalintelligence.com\/nl\/wp-content\/uploads\/2023\/02\/LI_tablet-1-12.png","width":723,"height":515,"caption":"LI Catalog"},{"@type":"WebPage","@id":"https:\/\/www.legalintelligence.com\/nl\/lp-li-catalog\/#webpage","url":"https:\/\/www.legalintelligence.com\/nl\/lp-li-catalog\/","name":"Digitale en fysieke kantoorbibliotheek beheer je met LI Catalog","isPartOf":{"@id":"https:\/\/www.legalintelligence.com\/nl\/#website"},"primaryImageOfPage":{"@id":"https:\/\/www.legalintelligence.com\/nl\/lp-li-catalog\/#primaryimage"},"datePublished":"2020-10-21T08:08:25+00:00","dateModified":"2023-02-24T16:32:08+00:00","description":"Beheer alle fysieke en digitale documenten uit jouw kantoorbibliotheek op \u00e9\u00e9n platform met de LI Catalog. Stap zorgeloos over.","breadcrumb":{"@id":"https:\/\/www.legalintelligence.com\/nl\/lp-li-catalog\/#breadcrumb"},"inLanguage":"nl","potentialAction":[{"@type":"ReadAction","target":["https:\/\/www.legalintelligence.com\/nl\/lp-li-catalog\/"]}]},{"@type":"BreadcrumbList","@id":"https:\/\/www.legalintelligence.com\/nl\/lp-li-catalog\/#breadcrumb","itemListElement":[{"@type":"ListItem","position":1,"name":"Home","item":"https:\/\/www.legalintelligence.com\/nl\/"},{"@type":"ListItem","position":2,"name":"LI Catalog"}]}]}},"_links":{"self":[{"href":"https:\/\/www.legalintelligence.com\/nl\/wp-json\/wp\/v2\/pages\/4817"}],"collection":[{"href":"https:\/\/www.legalintelligence.com\/nl\/wp-json\/wp\/v2\/pages"}],"about":[{"href":"https:\/\/www.legalintelligence.com\/nl\/wp-json\/wp\/v2\/types\/page"}],"author":[{"embeddable":true,"href":"https:\/\/www.legalintelligence.com\/nl\/wp-json\/wp\/v2\/users\/3"}],"replies":[{"embeddable":true,"href":"https:\/\/www.legalintelligence.com\/nl\/wp-json\/wp\/v2\/comments?post=4817"}],"version-history":[{"count":46,"href":"https:\/\/www.legalintelligence.com\/nl\/wp-json\/wp\/v2\/pages\/4817\/revisions"}],"predecessor-version":[{"id":6618,"href":"https:\/\/www.legalintelligence.com\/nl\/wp-json\/wp\/v2\/pages\/4817\/revisions\/6618"}],"wp:attachment":[{"href":"https:\/\/www.legalintelligence.com\/nl\/wp-json\/wp\/v2\/media?parent=4817"}],"curies":[{"name":"wp","href":"https:\/\/api.w.org\/{rel}","templated":true}]}}