{"id":6906,"date":"2023-07-31T07:44:28","date_gmt":"2023-07-31T07:44:28","guid":{"rendered":"https:\/\/www.legalintelligence.com\/nl\/?page_id=6906"},"modified":"2024-07-24T11:40:17","modified_gmt":"2024-07-24T11:40:17","slug":"legal-intelligence-aanbieding","status":"publish","type":"page","link":"https:\/\/www.legalintelligence.com\/nl\/legal-intelligence-aanbieding\/","title":{"rendered":"Legal Intelligence aanbieding"},"content":{"rendered":"<h1>Krijg 3 Collecties voor de prijs van 1 bij een jaarabonnement op Legal Intelligence<\/h1>\n<h2>Krijg 3 Collecties voor de prijs van 1 bij een jaarabonnement op Legal Intelligence<\/h2>\n<p>Ben je zelfstandig advocaat of jurist? Profiteer dan nu van deze voordelige aanbieding! Ontvang 3 juridische Collecties van Wolters Kluwer voor de prijs van 1 bij een jaarabonnement op <strong>Legal Intelligence<\/strong><\/p>\n<p><strong>Over Legal Intelligence<\/strong><\/p>\n<p>Legal Intelligence is d\u00e9 juridische zoekmachine voor juridische professionals. Met Legal Intelligence zoek je via \u00e9\u00e9n platform in meer dan 100 openbare bronnen zoals overheid.nl en rechtspraak.nl en door jou aangeschafte publicaties van een groot aantal juridische uitgevers waaronder Wolters Kluwer.<\/p>\n<p><strong>Wat is een Collectie?<\/strong><\/p>\n<p><a href=\"https:\/\/shop.wolterskluwer.nl\/inview-collecties\" target=\"_blank\" rel=\"noopener\">Een Collectie<\/a> bevat een bundeling van relevante toppublicaties en zijn toegespitst per rechtsgebied. Geschreven door een unieke samenstelling van auteurs die de top van de wetenschap, advocatuur, overheid en rechterlijke macht representeren. Elke Collectie is speciaal voor jou als advocaat of (bedrijfs)jurist opgebouwd uit verschillende soorten publicaties waaronder artikelgewijs commentaar, jurisprudentie, vakliteratuur en modellen.<\/p>\n<p><strong>De <a href=\"https:\/\/www.legalintelligence.com\/nl\/events\/hoe-werkt-een-juridische-zoekmachine\/\" target=\"_blank\" rel=\"noopener\">slimme zoekmachine<\/a> voor advocaten en juristen<\/strong><\/p>\n<p>Al meer dan 20 jaar is Legal Intelligence d\u00e9 juridische zoekmachine van Nederland. Juridisch professionals kiezen voor Legal Intelligence vanwege de meest complete informatie-ontsluiting en relevantste zoekresultaten.<\/p>\n<p>Meer dan 60.000 professionals gingen je voor om de volgende redenen:<\/p>\n<p><strong>1. Bespaar tijd:<\/strong>krijg razendsnel toegang tot uitgebreide juridische informatie en actuele wetgeving via\u202f\u00e9\u00e9n platform.<br \/>\n<strong>2. Ga voor volledigheid:<\/strong> vind publicaties van 25 toonaangevende juridische uitgevers en 100 openbare bronnen zoals rechtspraak.nl<br \/>\n<strong>3. Verhoog je productiviteit:<\/strong> werk effici\u00ebnter. Het platform biedt een overzichtelijke interface en toont relevante en gerelateerde zoekresultaten.<br \/>\n<strong>4. Vakinformatie<\/strong> die jij zelf kiest (meer dan 5.000 publicaties van juridische uitgevers)<\/p>\n<p><strong>Voorwaarden<\/strong><br \/>\nJe bent nog geen gebruiker van Legal Intelligence<br \/>\nEr zijn maximaal 5 gebruikers binnen je kantoor<br \/>\n3=1 Collecties zijn samengestelde publicaties van Wolters Kluwer waar je jaarlijks een abonnement voor afsluit<br \/>\nDeze actie loopt tot 1 september 2024<\/p>\n<figure id=\"attachment_7003\" aria-describedby=\"caption-attachment-7003\" style=\"width: 656px\" class=\"wp-caption alignnone\"><img decoding=\"async\" loading=\"lazy\" class=\"wp-image-7003 size-full\" src=\"https:\/\/www.legalintelligence.com\/nl\/wp-content\/uploads\/2023\/07\/Legal-Intelligence-header-656x316-1.png\" alt=\"Legal Intelligence header\" width=\"656\" height=\"316\" \/><figcaption id=\"caption-attachment-7003\" class=\"wp-caption-text\">Legal Intelligence header<\/figcaption><\/figure>\n","protected":false},"excerpt":{"rendered":"<p>Krijg 3 Collecties voor de prijs van 1 bij een jaarabonnement op Legal&#8230;<\/p>\n","protected":false},"author":23,"featured_media":0,"parent":0,"menu_order":0,"comment_status":"closed","ping_status":"closed","template":"","meta":[],"acf":[],"yoast_head":"<!-- This site is optimized with the Yoast SEO plugin v17.7.1 - https:\/\/yoast.com\/wordpress\/plugins\/seo\/ -->\n<title>Legal Intelligence zomeraanbieding<\/title>\n<meta name=\"description\" content=\"Met de Legal Intelligence zomeraanbieding kies je bij een jaarabonnement 3 contentpakketten voor de prijs van 1. Meer weten?\" \/>\n<meta name=\"robots\" content=\"index, follow, max-snippet:-1, max-image-preview:large, max-video-preview:-1\" \/>\n<link rel=\"canonical\" href=\"https:\/\/www.legalintelligence.com\/nl\/legal-intelligence-aanbieding\/\" \/>\n<meta property=\"og:locale\" content=\"nl_NL\" \/>\n<meta property=\"og:type\" content=\"article\" \/>\n<meta property=\"og:title\" content=\"Legal Intelligence zomeraanbieding\" \/>\n<meta property=\"og:description\" content=\"Met de Legal Intelligence zomeraanbieding kies je bij een jaarabonnement 3 contentpakketten voor de prijs van 1. Meer weten?\" \/>\n<meta property=\"og:url\" content=\"https:\/\/www.legalintelligence.com\/nl\/legal-intelligence-aanbieding\/\" \/>\n<meta property=\"og:site_name\" content=\"Legal Intelligence\" \/>\n<meta property=\"article:publisher\" content=\"https:\/\/www.facebook.com\/legalintelligence\" \/>\n<meta property=\"article:modified_time\" content=\"2024-07-24T11:40:17+00:00\" \/>\n<meta property=\"og:image\" content=\"https:\/\/www.legalintelligence.com\/nl\/wp-content\/uploads\/2023\/07\/Legal-Intelligence-header-656x316-1.png\" \/>\n\t<meta property=\"og:image:width\" content=\"656\" \/>\n\t<meta property=\"og:image:height\" content=\"316\" \/>\n<meta name=\"twitter:card\" content=\"summary_large_image\" \/>\n<meta name=\"twitter:site\" content=\"@legalint\" \/>\n<meta name=\"twitter:label1\" content=\"Est. reading time\" \/>\n\t<meta name=\"twitter:data1\" content=\"2 minuten\" \/>\n<script type=\"application\/ld+json\" class=\"yoast-schema-graph\">{\"@context\":\"https:\/\/schema.org\",\"@graph\":[{\"@type\":\"Organization\",\"@id\":\"https:\/\/www.legalintelligence.com\/nl\/#organization\",\"name\":\"Legal Intelligence\",\"url\":\"https:\/\/www.legalintelligence.com\/nl\/\",\"sameAs\":[\"https:\/\/www.facebook.com\/legalintelligence\",\"https:\/\/www.linkedin.com\/company\/legal-intelligence\/\",\"https:\/\/twitter.com\/legalint\"],\"logo\":{\"@type\":\"ImageObject\",\"@id\":\"https:\/\/www.legalintelligence.com\/nl\/#logo\",\"inLanguage\":\"nl\",\"url\":\"https:\/\/web.tst.legalintelligence.com\/nl\/wp-content\/uploads\/2023\/03\/lg_legalintelligence.png\",\"contentUrl\":\"https:\/\/web.tst.legalintelligence.com\/nl\/wp-content\/uploads\/2023\/03\/lg_legalintelligence.png\",\"width\":512,\"height\":512,\"caption\":\"Legal Intelligence\"},\"image\":{\"@id\":\"https:\/\/www.legalintelligence.com\/nl\/#logo\"}},{\"@type\":\"WebSite\",\"@id\":\"https:\/\/www.legalintelligence.com\/nl\/#website\",\"url\":\"https:\/\/www.legalintelligence.com\/nl\/\",\"name\":\"Legal Intelligence\",\"description\":\"Legal Intelligence - Slimme zoekoplossing voor advocaten en juristen\",\"publisher\":{\"@id\":\"https:\/\/www.legalintelligence.com\/nl\/#organization\"},\"potentialAction\":[{\"@type\":\"SearchAction\",\"target\":{\"@type\":\"EntryPoint\",\"urlTemplate\":\"https:\/\/www.legalintelligence.com\/nl\/?s={search_term_string}\"},\"query-input\":\"required name=search_term_string\"}],\"inLanguage\":\"nl\"},{\"@type\":\"ImageObject\",\"@id\":\"https:\/\/www.legalintelligence.com\/nl\/legal-intelligence-aanbieding\/#primaryimage\",\"inLanguage\":\"nl\",\"url\":\"https:\/\/www.legalintelligence.com\/nl\/wp-content\/uploads\/2023\/07\/Legal-Intelligence-header-656x316-1.png\",\"contentUrl\":\"https:\/\/www.legalintelligence.com\/nl\/wp-content\/uploads\/2023\/07\/Legal-Intelligence-header-656x316-1.png\",\"width\":656,\"height\":316,\"caption\":\"Legal Intelligence header\"},{\"@type\":\"WebPage\",\"@id\":\"https:\/\/www.legalintelligence.com\/nl\/legal-intelligence-aanbieding\/#webpage\",\"url\":\"https:\/\/www.legalintelligence.com\/nl\/legal-intelligence-aanbieding\/\",\"name\":\"Legal Intelligence zomeraanbieding\",\"isPartOf\":{\"@id\":\"https:\/\/www.legalintelligence.com\/nl\/#website\"},\"primaryImageOfPage\":{\"@id\":\"https:\/\/www.legalintelligence.com\/nl\/legal-intelligence-aanbieding\/#primaryimage\"},\"datePublished\":\"2023-07-31T07:44:28+00:00\",\"dateModified\":\"2024-07-24T11:40:17+00:00\",\"description\":\"Met de Legal Intelligence zomeraanbieding kies je bij een jaarabonnement 3 contentpakketten voor de prijs van 1. Meer weten?\",\"breadcrumb\":{\"@id\":\"https:\/\/www.legalintelligence.com\/nl\/legal-intelligence-aanbieding\/#breadcrumb\"},\"inLanguage\":\"nl\",\"potentialAction\":[{\"@type\":\"ReadAction\",\"target\":[\"https:\/\/www.legalintelligence.com\/nl\/legal-intelligence-aanbieding\/\"]}]},{\"@type\":\"BreadcrumbList\",\"@id\":\"https:\/\/www.legalintelligence.com\/nl\/legal-intelligence-aanbieding\/#breadcrumb\",\"itemListElement\":[{\"@type\":\"ListItem\",\"position\":1,\"name\":\"Home\",\"item\":\"https:\/\/www.legalintelligence.com\/nl\/\"},{\"@type\":\"ListItem\",\"position\":2,\"name\":\"Legal Intelligence aanbieding\"}]}]}<\/script>\n<!-- \/ Yoast SEO plugin. -->","yoast_head_json":{"title":"Legal Intelligence zomeraanbieding","description":"Met de Legal Intelligence zomeraanbieding kies je bij een jaarabonnement 3 contentpakketten voor de prijs van 1. Meer weten?","robots":{"index":"index","follow":"follow","max-snippet":"max-snippet:-1","max-image-preview":"max-image-preview:large","max-video-preview":"max-video-preview:-1"},"canonical":"https:\/\/www.legalintelligence.com\/nl\/legal-intelligence-aanbieding\/","og_locale":"nl_NL","og_type":"article","og_title":"Legal Intelligence zomeraanbieding","og_description":"Met de Legal Intelligence zomeraanbieding kies je bij een jaarabonnement 3 contentpakketten voor de prijs van 1. Meer weten?","og_url":"https:\/\/www.legalintelligence.com\/nl\/legal-intelligence-aanbieding\/","og_site_name":"Legal Intelligence","article_publisher":"https:\/\/www.facebook.com\/legalintelligence","article_modified_time":"2024-07-24T11:40:17+00:00","og_image":[{"width":656,"height":316,"url":"https:\/\/www.legalintelligence.com\/nl\/wp-content\/uploads\/2023\/07\/Legal-Intelligence-header-656x316-1.png","type":"image\/png"}],"twitter_card":"summary_large_image","twitter_site":"@legalint","twitter_misc":{"Est. reading time":"2 minuten"},"schema":{"@context":"https:\/\/schema.org","@graph":[{"@type":"Organization","@id":"https:\/\/www.legalintelligence.com\/nl\/#organization","name":"Legal Intelligence","url":"https:\/\/www.legalintelligence.com\/nl\/","sameAs":["https:\/\/www.facebook.com\/legalintelligence","https:\/\/www.linkedin.com\/company\/legal-intelligence\/","https:\/\/twitter.com\/legalint"],"logo":{"@type":"ImageObject","@id":"https:\/\/www.legalintelligence.com\/nl\/#logo","inLanguage":"nl","url":"https:\/\/web.tst.legalintelligence.com\/nl\/wp-content\/uploads\/2023\/03\/lg_legalintelligence.png","contentUrl":"https:\/\/web.tst.legalintelligence.com\/nl\/wp-content\/uploads\/2023\/03\/lg_legalintelligence.png","width":512,"height":512,"caption":"Legal Intelligence"},"image":{"@id":"https:\/\/www.legalintelligence.com\/nl\/#logo"}},{"@type":"WebSite","@id":"https:\/\/www.legalintelligence.com\/nl\/#website","url":"https:\/\/www.legalintelligence.com\/nl\/","name":"Legal Intelligence","description":"Legal Intelligence - Slimme zoekoplossing voor advocaten en juristen","publisher":{"@id":"https:\/\/www.legalintelligence.com\/nl\/#organization"},"potentialAction":[{"@type":"SearchAction","target":{"@type":"EntryPoint","urlTemplate":"https:\/\/www.legalintelligence.com\/nl\/?s={search_term_string}"},"query-input":"required name=search_term_string"}],"inLanguage":"nl"},{"@type":"ImageObject","@id":"https:\/\/www.legalintelligence.com\/nl\/legal-intelligence-aanbieding\/#primaryimage","inLanguage":"nl","url":"https:\/\/www.legalintelligence.com\/nl\/wp-content\/uploads\/2023\/07\/Legal-Intelligence-header-656x316-1.png","contentUrl":"https:\/\/www.legalintelligence.com\/nl\/wp-content\/uploads\/2023\/07\/Legal-Intelligence-header-656x316-1.png","width":656,"height":316,"caption":"Legal Intelligence header"},{"@type":"WebPage","@id":"https:\/\/www.legalintelligence.com\/nl\/legal-intelligence-aanbieding\/#webpage","url":"https:\/\/www.legalintelligence.com\/nl\/legal-intelligence-aanbieding\/","name":"Legal Intelligence zomeraanbieding","isPartOf":{"@id":"https:\/\/www.legalintelligence.com\/nl\/#website"},"primaryImageOfPage":{"@id":"https:\/\/www.legalintelligence.com\/nl\/legal-intelligence-aanbieding\/#primaryimage"},"datePublished":"2023-07-31T07:44:28+00:00","dateModified":"2024-07-24T11:40:17+00:00","description":"Met de Legal Intelligence zomeraanbieding kies je bij een jaarabonnement 3 contentpakketten voor de prijs van 1. Meer weten?","breadcrumb":{"@id":"https:\/\/www.legalintelligence.com\/nl\/legal-intelligence-aanbieding\/#breadcrumb"},"inLanguage":"nl","potentialAction":[{"@type":"ReadAction","target":["https:\/\/www.legalintelligence.com\/nl\/legal-intelligence-aanbieding\/"]}]},{"@type":"BreadcrumbList","@id":"https:\/\/www.legalintelligence.com\/nl\/legal-intelligence-aanbieding\/#breadcrumb","itemListElement":[{"@type":"ListItem","position":1,"name":"Home","item":"https:\/\/www.legalintelligence.com\/nl\/"},{"@type":"ListItem","position":2,"name":"Legal Intelligence aanbieding"}]}]}},"_links":{"self":[{"href":"https:\/\/www.legalintelligence.com\/nl\/wp-json\/wp\/v2\/pages\/6906"}],"collection":[{"href":"https:\/\/www.legalintelligence.com\/nl\/wp-json\/wp\/v2\/pages"}],"about":[{"href":"https:\/\/www.legalintelligence.com\/nl\/wp-json\/wp\/v2\/types\/page"}],"author":[{"embeddable":true,"href":"https:\/\/www.legalintelligence.com\/nl\/wp-json\/wp\/v2\/users\/23"}],"replies":[{"embeddable":true,"href":"https:\/\/www.legalintelligence.com\/nl\/wp-json\/wp\/v2\/comments?post=6906"}],"version-history":[{"count":155,"href":"https:\/\/www.legalintelligence.com\/nl\/wp-json\/wp\/v2\/pages\/6906\/revisions"}],"predecessor-version":[{"id":7371,"href":"https:\/\/www.legalintelligence.com\/nl\/wp-json\/wp\/v2\/pages\/6906\/revisions\/7371"}],"wp:attachment":[{"href":"https:\/\/www.legalintelligence.com\/nl\/wp-json\/wp\/v2\/media?parent=6906"}],"curies":[{"name":"wp","href":"https:\/\/api.w.org\/{rel}","templated":true}]}}